{"id":660,"date":"2019-10-07T20:35:17","date_gmt":"2019-10-08T00:35:17","guid":{"rendered":"https:\/\/dentaldreams.cj2jvq86-liquidwebsites.com\/services\/"},"modified":"2020-11-16T11:53:35","modified_gmt":"2020-11-16T17:53:35","slug":"services","status":"publish","type":"page","link":"https:\/\/www.dentaldreams.com\/es\/services\/","title":{"rendered":"Nuestros Servicios"},"content":{"rendered":"<div class=\"col-wrap\">\n<div class=\"col-2\">\n<img decoding=\"async\" src=\"https:\/\/dentaldreams.com\/wp-content\/uploads\/2019\/10\/service-1.jpg\" alt=\"\" width=\"100%\" class=\"aligncenter size-full wp-image-371\" srcset=\"https:\/\/www.dentaldreams.com\/wp-content\/uploads\/2019\/10\/service-1.jpg 1000w, https:\/\/www.dentaldreams.com\/wp-content\/uploads\/2019\/10\/service-1-300x200.jpg 300w, https:\/\/www.dentaldreams.com\/wp-content\/uploads\/2019\/10\/service-1-768x511.jpg 768w\" sizes=\"(max-width: 1000px) 100vw, 1000px\" \/>\n<\/div>\n<div class=\"col-2\">\n<img decoding=\"async\" src=\"https:\/\/dentaldreams.com\/wp-content\/uploads\/2020\/11\/dental-dreams-dental-services.jpg\" alt=\"Nuestros Servicios\" width=\"100%\" class=\"aligncenter size-full wp-image-29819\" srcset=\"https:\/\/www.dentaldreams.com\/wp-content\/uploads\/2020\/11\/dental-dreams-dental-services.jpg 383w, https:\/\/www.dentaldreams.com\/wp-content\/uploads\/2020\/11\/dental-dreams-dental-services-300x200.jpg 300w\" sizes=\"(max-width: 383px) 100vw, 383px\" \/>\n<\/div>\n<\/div>\n<p>En Dental Dreams ofrecemos una amplia gama de servicios para satisfacer sus necesidades odontol\u00f3gicas y las de su familia, incluyendo:<\/p>\n<ul class=\"ul-2\">\n<li>Ex\u00e1menes<\/li>\n<li>Limpiezas<\/li>\n<li>Radiograf\u00eda<\/li>\n<li>Selladores<\/li>\n<li>Empastes<\/li>\n<li>Endodoncia<\/li>\n<li>Extracciones<\/li>\n<li>Puentes<\/li>\n<li>Dentaduras y pr\u00f3tesis<\/li>\n<li>Pulpotom\u00eda<\/li>\n<li>Blanqueamiento<\/li>\n<li>Mantenedores de espacio<\/li>\n<li>Carillas<\/li>\n<\/ul>\n<div class=\"h-box\">M\u00e1s del 94% de los pacientes de Dental Dreams lo recomendar\u00edan a sus amigos y familias.<\/div>\n","protected":false},"excerpt":{"rendered":"<p>En Dental Dreams ofrecemos una amplia gama de servicios para satisfacer sus necesidades odontol\u00f3gicas y las de su familia, incluyendo: Ex\u00e1menes Limpiezas Radiograf\u00eda Selladores Empastes Endodoncia Extracciones Puentes Dentaduras y pr\u00f3tesis Pulpotom\u00eda Blanqueamiento Mantenedores de espacio Carillas M\u00e1s del 94% de los pacientes de Dental Dreams lo recomendar\u00edan a sus amigos y familias.<\/p>\n<p><a class=\"more-link btn\" href=\"https:\/\/www.dentaldreams.com\/es\/services\/\">Continue Reading<\/a><\/p>","protected":false},"author":2,"featured_media":0,"parent":0,"menu_order":0,"comment_status":"closed","ping_status":"closed","template":"","meta":{"_acf_changed":false,"_genesis_hide_title":false,"_genesis_hide_breadcrumbs":false,"_genesis_hide_singular_image":false,"_genesis_hide_footer_widgets":false,"_genesis_custom_body_class":"","_genesis_custom_post_class":"","_genesis_layout":"","footnotes":"","_links_to":"","_links_to_target":""},"class_list":{"0":"post-660","1":"page","2":"type-page","3":"status-publish","5":"entry","6":"override"},"acf":[],"yoast_head":"<!-- This site is optimized with the Yoast SEO Premium plugin v27.6 (Yoast SEO v27.6) - https:\/\/yoast.com\/product\/yoast-seo-premium-wordpress\/ -->\n<title>Nuestros Servicios - Dental Dreams<\/title>\n<meta name=\"robots\" content=\"index, follow, max-snippet:-1, max-image-preview:large, max-video-preview:-1\" \/>\n<link rel=\"canonical\" href=\"https:\/\/www.dentaldreams.com\/es\/services\/\" \/>\n<meta property=\"og:locale\" content=\"es_ES\" \/>\n<meta property=\"og:type\" content=\"article\" \/>\n<meta property=\"og:title\" content=\"Nuestros Servicios\" \/>\n<meta property=\"og:description\" content=\"En Dental Dreams ofrecemos una amplia gama de servicios para satisfacer sus necesidades odontol\u00f3gicas y las de su familia, incluyendo: Ex\u00e1menes Limpiezas Radiograf\u00eda Selladores Empastes Endodoncia Extracciones Puentes Dentaduras y pr\u00f3tesis Pulpotom\u00eda Blanqueamiento Mantenedores de espacio Carillas M\u00e1s del 94% de los pacientes de Dental Dreams lo recomendar\u00edan a sus amigos y familias.\" \/>\n<meta property=\"og:url\" content=\"https:\/\/www.dentaldreams.com\/es\/services\/\" \/>\n<meta property=\"og:site_name\" content=\"Dental Dreams\" \/>\n<meta property=\"article:publisher\" content=\"http:\/\/www.facebook.com\/dentaldreamsLLC\" \/>\n<meta property=\"article:modified_time\" content=\"2020-11-16T17:53:35+00:00\" \/>\n<meta property=\"og:image\" content=\"https:\/\/dentaldreams.com\/wp-content\/uploads\/2019\/10\/service-1.jpg\" \/>\n<meta name=\"twitter:card\" content=\"summary_large_image\" \/>\n<meta name=\"twitter:site\" content=\"@dental_dreams\" \/>\n<script type=\"application\/ld+json\" class=\"yoast-schema-graph\">{\"@context\":\"https:\\\/\\\/schema.org\",\"@graph\":[{\"@type\":\"WebPage\",\"@id\":\"https:\\\/\\\/www.dentaldreams.com\\\/es\\\/services\\\/\",\"url\":\"https:\\\/\\\/www.dentaldreams.com\\\/es\\\/services\\\/\",\"name\":\"Nuestros Servicios - Dental Dreams\",\"isPartOf\":{\"@id\":\"https:\\\/\\\/www.dentaldreams.com\\\/es\\\/#website\"},\"primaryImageOfPage\":{\"@id\":\"https:\\\/\\\/www.dentaldreams.com\\\/es\\\/services\\\/#primaryimage\"},\"image\":{\"@id\":\"https:\\\/\\\/www.dentaldreams.com\\\/es\\\/services\\\/#primaryimage\"},\"thumbnailUrl\":\"https:\\\/\\\/dentaldreams.com\\\/wp-content\\\/uploads\\\/2019\\\/10\\\/service-1.jpg\",\"datePublished\":\"2019-10-08T00:35:17+00:00\",\"dateModified\":\"2020-11-16T17:53:35+00:00\",\"breadcrumb\":{\"@id\":\"https:\\\/\\\/www.dentaldreams.com\\\/es\\\/services\\\/#breadcrumb\"},\"inLanguage\":\"es\",\"potentialAction\":[{\"@type\":\"ReadAction\",\"target\":[\"https:\\\/\\\/www.dentaldreams.com\\\/es\\\/services\\\/\"]}]},{\"@type\":\"ImageObject\",\"inLanguage\":\"es\",\"@id\":\"https:\\\/\\\/www.dentaldreams.com\\\/es\\\/services\\\/#primaryimage\",\"url\":\"https:\\\/\\\/dentaldreams.com\\\/wp-content\\\/uploads\\\/2019\\\/10\\\/service-1.jpg\",\"contentUrl\":\"https:\\\/\\\/dentaldreams.com\\\/wp-content\\\/uploads\\\/2019\\\/10\\\/service-1.jpg\"},{\"@type\":\"BreadcrumbList\",\"@id\":\"https:\\\/\\\/www.dentaldreams.com\\\/es\\\/services\\\/#breadcrumb\",\"itemListElement\":[{\"@type\":\"ListItem\",\"position\":1,\"name\":\"Home\",\"item\":\"https:\\\/\\\/www.dentaldreams.com\\\/es\\\/\"},{\"@type\":\"ListItem\",\"position\":2,\"name\":\"Nuestros Servicios\"}]},{\"@type\":\"WebSite\",\"@id\":\"https:\\\/\\\/www.dentaldreams.com\\\/es\\\/#website\",\"url\":\"https:\\\/\\\/www.dentaldreams.com\\\/es\\\/\",\"name\":\"Dental Dreams\",\"description\":\"\",\"publisher\":{\"@id\":\"https:\\\/\\\/www.dentaldreams.com\\\/es\\\/#organization\"},\"potentialAction\":[{\"@type\":\"SearchAction\",\"target\":{\"@type\":\"EntryPoint\",\"urlTemplate\":\"https:\\\/\\\/www.dentaldreams.com\\\/es\\\/?s={search_term_string}\"},\"query-input\":{\"@type\":\"PropertyValueSpecification\",\"valueRequired\":true,\"valueName\":\"search_term_string\"}}],\"inLanguage\":\"es\"},{\"@type\":\"Organization\",\"@id\":\"https:\\\/\\\/www.dentaldreams.com\\\/es\\\/#organization\",\"name\":\"Dental Dreams\",\"url\":\"https:\\\/\\\/www.dentaldreams.com\\\/es\\\/\",\"logo\":{\"@type\":\"ImageObject\",\"inLanguage\":\"es\",\"@id\":\"https:\\\/\\\/www.dentaldreams.com\\\/es\\\/#\\\/schema\\\/logo\\\/image\\\/\",\"url\":\"https:\\\/\\\/www.dentaldreams.com\\\/wp-content\\\/uploads\\\/2019\\\/11\\\/dentaldreams-logo.jpg\",\"contentUrl\":\"https:\\\/\\\/www.dentaldreams.com\\\/wp-content\\\/uploads\\\/2019\\\/11\\\/dentaldreams-logo.jpg\",\"width\":400,\"height\":400,\"caption\":\"Dental Dreams\"},\"image\":{\"@id\":\"https:\\\/\\\/www.dentaldreams.com\\\/es\\\/#\\\/schema\\\/logo\\\/image\\\/\"},\"sameAs\":[\"http:\\\/\\\/www.facebook.com\\\/dentaldreamsLLC\",\"https:\\\/\\\/x.com\\\/dental_dreams\",\"http:\\\/\\\/www.linkedin.com\\\/company\\\/dental-dreams-llc\"]}]}<\/script>\n<!-- \/ Yoast SEO Premium plugin. -->","yoast_head_json":{"title":"Nuestros Servicios - Dental Dreams","robots":{"index":"index","follow":"follow","max-snippet":"max-snippet:-1","max-image-preview":"max-image-preview:large","max-video-preview":"max-video-preview:-1"},"canonical":"https:\/\/www.dentaldreams.com\/es\/services\/","og_locale":"es_ES","og_type":"article","og_title":"Nuestros Servicios","og_description":"En Dental Dreams ofrecemos una amplia gama de servicios para satisfacer sus necesidades odontol\u00f3gicas y las de su familia, incluyendo: Ex\u00e1menes Limpiezas Radiograf\u00eda Selladores Empastes Endodoncia Extracciones Puentes Dentaduras y pr\u00f3tesis Pulpotom\u00eda Blanqueamiento Mantenedores de espacio Carillas M\u00e1s del 94% de los pacientes de Dental Dreams lo recomendar\u00edan a sus amigos y familias.","og_url":"https:\/\/www.dentaldreams.com\/es\/services\/","og_site_name":"Dental Dreams","article_publisher":"http:\/\/www.facebook.com\/dentaldreamsLLC","article_modified_time":"2020-11-16T17:53:35+00:00","og_image":[{"url":"https:\/\/dentaldreams.com\/wp-content\/uploads\/2019\/10\/service-1.jpg","type":"","width":"","height":""}],"twitter_card":"summary_large_image","twitter_site":"@dental_dreams","schema":{"@context":"https:\/\/schema.org","@graph":[{"@type":"WebPage","@id":"https:\/\/www.dentaldreams.com\/es\/services\/","url":"https:\/\/www.dentaldreams.com\/es\/services\/","name":"Nuestros Servicios - Dental Dreams","isPartOf":{"@id":"https:\/\/www.dentaldreams.com\/es\/#website"},"primaryImageOfPage":{"@id":"https:\/\/www.dentaldreams.com\/es\/services\/#primaryimage"},"image":{"@id":"https:\/\/www.dentaldreams.com\/es\/services\/#primaryimage"},"thumbnailUrl":"https:\/\/dentaldreams.com\/wp-content\/uploads\/2019\/10\/service-1.jpg","datePublished":"2019-10-08T00:35:17+00:00","dateModified":"2020-11-16T17:53:35+00:00","breadcrumb":{"@id":"https:\/\/www.dentaldreams.com\/es\/services\/#breadcrumb"},"inLanguage":"es","potentialAction":[{"@type":"ReadAction","target":["https:\/\/www.dentaldreams.com\/es\/services\/"]}]},{"@type":"ImageObject","inLanguage":"es","@id":"https:\/\/www.dentaldreams.com\/es\/services\/#primaryimage","url":"https:\/\/dentaldreams.com\/wp-content\/uploads\/2019\/10\/service-1.jpg","contentUrl":"https:\/\/dentaldreams.com\/wp-content\/uploads\/2019\/10\/service-1.jpg"},{"@type":"BreadcrumbList","@id":"https:\/\/www.dentaldreams.com\/es\/services\/#breadcrumb","itemListElement":[{"@type":"ListItem","position":1,"name":"Home","item":"https:\/\/www.dentaldreams.com\/es\/"},{"@type":"ListItem","position":2,"name":"Nuestros Servicios"}]},{"@type":"WebSite","@id":"https:\/\/www.dentaldreams.com\/es\/#website","url":"https:\/\/www.dentaldreams.com\/es\/","name":"Dental Dreams","description":"","publisher":{"@id":"https:\/\/www.dentaldreams.com\/es\/#organization"},"potentialAction":[{"@type":"SearchAction","target":{"@type":"EntryPoint","urlTemplate":"https:\/\/www.dentaldreams.com\/es\/?s={search_term_string}"},"query-input":{"@type":"PropertyValueSpecification","valueRequired":true,"valueName":"search_term_string"}}],"inLanguage":"es"},{"@type":"Organization","@id":"https:\/\/www.dentaldreams.com\/es\/#organization","name":"Dental Dreams","url":"https:\/\/www.dentaldreams.com\/es\/","logo":{"@type":"ImageObject","inLanguage":"es","@id":"https:\/\/www.dentaldreams.com\/es\/#\/schema\/logo\/image\/","url":"https:\/\/www.dentaldreams.com\/wp-content\/uploads\/2019\/11\/dentaldreams-logo.jpg","contentUrl":"https:\/\/www.dentaldreams.com\/wp-content\/uploads\/2019\/11\/dentaldreams-logo.jpg","width":400,"height":400,"caption":"Dental Dreams"},"image":{"@id":"https:\/\/www.dentaldreams.com\/es\/#\/schema\/logo\/image\/"},"sameAs":["http:\/\/www.facebook.com\/dentaldreamsLLC","https:\/\/x.com\/dental_dreams","http:\/\/www.linkedin.com\/company\/dental-dreams-llc"]}]}},"_links":{"self":[{"href":"https:\/\/www.dentaldreams.com\/es\/wp-json\/wp\/v2\/pages\/660","targetHints":{"allow":["GET"]}}],"collection":[{"href":"https:\/\/www.dentaldreams.com\/es\/wp-json\/wp\/v2\/pages"}],"about":[{"href":"https:\/\/www.dentaldreams.com\/es\/wp-json\/wp\/v2\/types\/page"}],"author":[{"embeddable":true,"href":"https:\/\/www.dentaldreams.com\/es\/wp-json\/wp\/v2\/users\/2"}],"replies":[{"embeddable":true,"href":"https:\/\/www.dentaldreams.com\/es\/wp-json\/wp\/v2\/comments?post=660"}],"version-history":[{"count":0,"href":"https:\/\/www.dentaldreams.com\/es\/wp-json\/wp\/v2\/pages\/660\/revisions"}],"wp:attachment":[{"href":"https:\/\/www.dentaldreams.com\/es\/wp-json\/wp\/v2\/media?parent=660"}],"curies":[{"name":"wp","href":"https:\/\/api.w.org\/{rel}","templated":true}]}}